{"id":26,"date":"2020-05-13T22:42:46","date_gmt":"2020-05-13T22:42:46","guid":{"rendered":"https:\/\/verein-sonnenkraft.ch\/?page_id=26"},"modified":"2024-09-12T11:35:35","modified_gmt":"2024-09-12T11:35:35","slug":"ueber-uns","status":"publish","type":"page","link":"https:\/\/verein-sonnenkraft.ch\/index.php\/ueber-uns\/","title":{"rendered":"\u00dcber uns"},"content":{"rendered":"\n<p>Der Verein Sonnenkraft wurde 2009 gegr\u00fcndet. Anlass f\u00fcr die Gr\u00fcndung war die Umsetzung der Abschluss- und Maturarbeit von Jonas Rosenmund: die Realisierung einer Photovoltaikanlage auf dem Primarschulhaus Margelacker. Ziel war es von Anfang an, diese und nach M\u00f6glichkeit auch weitere PV-Anlagen zu realisieren. Beim Bau dieser ersten Anlage und bei der Umsetzung von k\u00fcnftigen Projekten soll jeweils Jugendlichen sowie weiteren interessierten Personen die M\u00f6glichkeit zur Mitarbeit gegeben werden.<\/p>\n\n\n\n<p><\/p>\n\n\n\n<p><strong>aktuell in den Vorstand gw\u00e4hlt:<\/strong><\/p>\n\n\n\n<p>Jonas Rosenmund<br>Pascal M\u00fchry-St\u00e4deli<br>Anna Blaser<\/p>\n\n\n\n<p><strong>ehem. Vorst\u00e4nde:<\/strong><\/p>\n\n\n\n<p>Andreas Spalinger<\/p>\n\n\n\n<p><\/p>\n\n\n\n<p><\/p>\n","protected":false},"excerpt":{"rendered":"<p>Der Verein Sonnenkraft wurde 2009 gegr\u00fcndet. Anlass f\u00fcr die Gr\u00fcndung war die Umsetzung der Abschluss- und Maturarbeit von Jonas Rosenmund: [&hellip;]<\/p>\n","protected":false},"author":1,"featured_media":0,"parent":0,"menu_order":0,"comment_status":"closed","ping_status":"closed","template":"","meta":{"footnotes":""},"class_list":["post-26","page","type-page","status-publish","hentry"],"yoast_head":"<!-- This site is optimized with the Yoast SEO plugin v27.4 - https:\/\/yoast.com\/product\/yoast-seo-wordpress\/ -->\n<title>\u00dcber uns - Verein sonnenkraft<\/title>\n<meta name=\"robots\" content=\"index, follow, max-snippet:-1, max-image-preview:large, max-video-preview:-1\" \/>\n<link rel=\"canonical\" href=\"https:\/\/verein-sonnenkraft.ch\/index.php\/ueber-uns\/\" \/>\n<meta property=\"og:locale\" content=\"de_DE\" \/>\n<meta property=\"og:type\" content=\"article\" \/>\n<meta property=\"og:title\" content=\"\u00dcber uns - Verein sonnenkraft\" \/>\n<meta property=\"og:description\" content=\"Der Verein Sonnenkraft wurde 2009 gegr\u00fcndet. Anlass f\u00fcr die Gr\u00fcndung war die Umsetzung der Abschluss- und Maturarbeit von Jonas Rosenmund: [&hellip;]\" \/>\n<meta property=\"og:url\" content=\"https:\/\/verein-sonnenkraft.ch\/index.php\/ueber-uns\/\" \/>\n<meta property=\"og:site_name\" content=\"Verein sonnenkraft\" \/>\n<meta property=\"article:modified_time\" content=\"2024-09-12T11:35:35+00:00\" \/>\n<meta name=\"twitter:card\" content=\"summary_large_image\" \/>\n<meta name=\"twitter:label1\" content=\"Gesch\u00e4tzte Lesezeit\" \/>\n\t<meta name=\"twitter:data1\" content=\"1\u00a0Minute\" \/>\n<script type=\"application\/ld+json\" class=\"yoast-schema-graph\">{\"@context\":\"https:\\\/\\\/schema.org\",\"@graph\":[{\"@type\":\"WebPage\",\"@id\":\"https:\\\/\\\/verein-sonnenkraft.ch\\\/index.php\\\/ueber-uns\\\/\",\"url\":\"https:\\\/\\\/verein-sonnenkraft.ch\\\/index.php\\\/ueber-uns\\\/\",\"name\":\"\u00dcber uns - Verein sonnenkraft\",\"isPartOf\":{\"@id\":\"https:\\\/\\\/verein-sonnenkraft.ch\\\/#website\"},\"datePublished\":\"2020-05-13T22:42:46+00:00\",\"dateModified\":\"2024-09-12T11:35:35+00:00\",\"breadcrumb\":{\"@id\":\"https:\\\/\\\/verein-sonnenkraft.ch\\\/index.php\\\/ueber-uns\\\/#breadcrumb\"},\"inLanguage\":\"de\",\"potentialAction\":[{\"@type\":\"ReadAction\",\"target\":[\"https:\\\/\\\/verein-sonnenkraft.ch\\\/index.php\\\/ueber-uns\\\/\"]}]},{\"@type\":\"BreadcrumbList\",\"@id\":\"https:\\\/\\\/verein-sonnenkraft.ch\\\/index.php\\\/ueber-uns\\\/#breadcrumb\",\"itemListElement\":[{\"@type\":\"ListItem\",\"position\":1,\"name\":\"Home\",\"item\":\"https:\\\/\\\/verein-sonnenkraft.ch\\\/\"},{\"@type\":\"ListItem\",\"position\":2,\"name\":\"\u00dcber uns\"}]},{\"@type\":\"WebSite\",\"@id\":\"https:\\\/\\\/verein-sonnenkraft.ch\\\/#website\",\"url\":\"https:\\\/\\\/verein-sonnenkraft.ch\\\/\",\"name\":\"Verein sonnenkraft\",\"description\":\"\",\"publisher\":{\"@id\":\"https:\\\/\\\/verein-sonnenkraft.ch\\\/#organization\"},\"potentialAction\":[{\"@type\":\"SearchAction\",\"target\":{\"@type\":\"EntryPoint\",\"urlTemplate\":\"https:\\\/\\\/verein-sonnenkraft.ch\\\/?s={search_term_string}\"},\"query-input\":{\"@type\":\"PropertyValueSpecification\",\"valueRequired\":true,\"valueName\":\"search_term_string\"}}],\"inLanguage\":\"de\"},{\"@type\":\"Organization\",\"@id\":\"https:\\\/\\\/verein-sonnenkraft.ch\\\/#organization\",\"name\":\"Verein Sonnenkraft\",\"url\":\"https:\\\/\\\/verein-sonnenkraft.ch\\\/\",\"logo\":{\"@type\":\"ImageObject\",\"inLanguage\":\"de\",\"@id\":\"https:\\\/\\\/verein-sonnenkraft.ch\\\/#\\\/schema\\\/logo\\\/image\\\/\",\"url\":\"https:\\\/\\\/verein-sonnenkraft.ch\\\/wp-content\\\/uploads\\\/2020\\\/05\\\/cropped-Logo-definitiv_transparent-Andere.png\",\"contentUrl\":\"https:\\\/\\\/verein-sonnenkraft.ch\\\/wp-content\\\/uploads\\\/2020\\\/05\\\/cropped-Logo-definitiv_transparent-Andere.png\",\"width\":150,\"height\":71,\"caption\":\"Verein Sonnenkraft\"},\"image\":{\"@id\":\"https:\\\/\\\/verein-sonnenkraft.ch\\\/#\\\/schema\\\/logo\\\/image\\\/\"}}]}<\/script>\n<!-- \/ Yoast SEO plugin. -->","yoast_head_json":{"title":"\u00dcber uns - Verein sonnenkraft","robots":{"index":"index","follow":"follow","max-snippet":"max-snippet:-1","max-image-preview":"max-image-preview:large","max-video-preview":"max-video-preview:-1"},"canonical":"https:\/\/verein-sonnenkraft.ch\/index.php\/ueber-uns\/","og_locale":"de_DE","og_type":"article","og_title":"\u00dcber uns - Verein sonnenkraft","og_description":"Der Verein Sonnenkraft wurde 2009 gegr\u00fcndet. Anlass f\u00fcr die Gr\u00fcndung war die Umsetzung der Abschluss- und Maturarbeit von Jonas Rosenmund: [&hellip;]","og_url":"https:\/\/verein-sonnenkraft.ch\/index.php\/ueber-uns\/","og_site_name":"Verein sonnenkraft","article_modified_time":"2024-09-12T11:35:35+00:00","twitter_card":"summary_large_image","twitter_misc":{"Gesch\u00e4tzte Lesezeit":"1\u00a0Minute"},"schema":{"@context":"https:\/\/schema.org","@graph":[{"@type":"WebPage","@id":"https:\/\/verein-sonnenkraft.ch\/index.php\/ueber-uns\/","url":"https:\/\/verein-sonnenkraft.ch\/index.php\/ueber-uns\/","name":"\u00dcber uns - Verein sonnenkraft","isPartOf":{"@id":"https:\/\/verein-sonnenkraft.ch\/#website"},"datePublished":"2020-05-13T22:42:46+00:00","dateModified":"2024-09-12T11:35:35+00:00","breadcrumb":{"@id":"https:\/\/verein-sonnenkraft.ch\/index.php\/ueber-uns\/#breadcrumb"},"inLanguage":"de","potentialAction":[{"@type":"ReadAction","target":["https:\/\/verein-sonnenkraft.ch\/index.php\/ueber-uns\/"]}]},{"@type":"BreadcrumbList","@id":"https:\/\/verein-sonnenkraft.ch\/index.php\/ueber-uns\/#breadcrumb","itemListElement":[{"@type":"ListItem","position":1,"name":"Home","item":"https:\/\/verein-sonnenkraft.ch\/"},{"@type":"ListItem","position":2,"name":"\u00dcber uns"}]},{"@type":"WebSite","@id":"https:\/\/verein-sonnenkraft.ch\/#website","url":"https:\/\/verein-sonnenkraft.ch\/","name":"Verein sonnenkraft","description":"","publisher":{"@id":"https:\/\/verein-sonnenkraft.ch\/#organization"},"potentialAction":[{"@type":"SearchAction","target":{"@type":"EntryPoint","urlTemplate":"https:\/\/verein-sonnenkraft.ch\/?s={search_term_string}"},"query-input":{"@type":"PropertyValueSpecification","valueRequired":true,"valueName":"search_term_string"}}],"inLanguage":"de"},{"@type":"Organization","@id":"https:\/\/verein-sonnenkraft.ch\/#organization","name":"Verein Sonnenkraft","url":"https:\/\/verein-sonnenkraft.ch\/","logo":{"@type":"ImageObject","inLanguage":"de","@id":"https:\/\/verein-sonnenkraft.ch\/#\/schema\/logo\/image\/","url":"https:\/\/verein-sonnenkraft.ch\/wp-content\/uploads\/2020\/05\/cropped-Logo-definitiv_transparent-Andere.png","contentUrl":"https:\/\/verein-sonnenkraft.ch\/wp-content\/uploads\/2020\/05\/cropped-Logo-definitiv_transparent-Andere.png","width":150,"height":71,"caption":"Verein Sonnenkraft"},"image":{"@id":"https:\/\/verein-sonnenkraft.ch\/#\/schema\/logo\/image\/"}}]}},"_links":{"self":[{"href":"https:\/\/verein-sonnenkraft.ch\/index.php\/wp-json\/wp\/v2\/pages\/26","targetHints":{"allow":["GET"]}}],"collection":[{"href":"https:\/\/verein-sonnenkraft.ch\/index.php\/wp-json\/wp\/v2\/pages"}],"about":[{"href":"https:\/\/verein-sonnenkraft.ch\/index.php\/wp-json\/wp\/v2\/types\/page"}],"author":[{"embeddable":true,"href":"https:\/\/verein-sonnenkraft.ch\/index.php\/wp-json\/wp\/v2\/users\/1"}],"replies":[{"embeddable":true,"href":"https:\/\/verein-sonnenkraft.ch\/index.php\/wp-json\/wp\/v2\/comments?post=26"}],"version-history":[{"count":8,"href":"https:\/\/verein-sonnenkraft.ch\/index.php\/wp-json\/wp\/v2\/pages\/26\/revisions"}],"predecessor-version":[{"id":417,"href":"https:\/\/verein-sonnenkraft.ch\/index.php\/wp-json\/wp\/v2\/pages\/26\/revisions\/417"}],"wp:attachment":[{"href":"https:\/\/verein-sonnenkraft.ch\/index.php\/wp-json\/wp\/v2\/media?parent=26"}],"curies":[{"name":"wp","href":"https:\/\/api.w.org\/{rel}","templated":true}]}}