{"id":43,"date":"2020-07-26T18:03:17","date_gmt":"2020-07-26T18:03:17","guid":{"rendered":"https:\/\/verein-sonnenkraft.ch\/?page_id=43"},"modified":"2020-07-26T20:14:51","modified_gmt":"2020-07-26T20:14:51","slug":"margelacker","status":"publish","type":"page","link":"https:\/\/verein-sonnenkraft.ch\/index.php\/projekte\/margelacker\/","title":{"rendered":"Margelacker"},"content":{"rendered":"\n<div class=\"wp-block-columns is-layout-flex wp-container-core-columns-is-layout-9d6595d7 wp-block-columns-is-layout-flex\">\n<div class=\"wp-block-column is-layout-flow wp-block-column-is-layout-flow\" style=\"flex-basis:66.66%\">\n<p>Die PV-Anlage auf dem Primarschulhaus Margelacker in Muttenz war das erste und f\u00fcr die Gr\u00fcndung des Verein Sonnenkraft ausschlaggebende Projekt. Nach zweij\u00e4hriger Projekt- und Planungsphase konnte die Anlage im Dezember 2009 gebaut und im Januar 2010 in Betrieb genommen werden. Ende 2007 hatte das Projekt mit der Suche nach einem Thema f\u00fcr die Abschlussarbeit an der FOS Freie Mittelschule seinen Anfang genommen.<\/p>\n\n\n\n<p>Urspr\u00fcngliche Idee von Jonas Rosenmund war, eine PV-Anlage auf dem Schulgeb\u00e4ude der FOS, in Muttenz zu realisieren. Im Verlauf der Vorbereitungen musste aber festgestellt werden, dass die Umst\u00e4nde f\u00fcr eine so langfristige Angelegenheit wie eine Photovoltaikanlage auf diesem Geb\u00e4ude nicht gegeben waren. So musste ein neues Dach gesucht werden, schliesslich fiel die Wahl auf das nur wenige hundert Meter entfernte Primarschulhaus Margelacker. Bei der Grundeigent\u00fcmerin, der Gemeinde Muttenz, stiessen wir auf offene T\u00fcren und wurden im Rahmen der M\u00f6glichkeiten unterst\u00fctzt. <\/p>\n\n\n\n<p>Zur Stromabnahme konnte das Elektrizit\u00e4tswerk der Stadt Z\u00fcrich (ewz) gewonnen werden. Vorg\u00e4ngige Versuche, den Strom bei den regionalen Elektrizit\u00e4tswerken abzusetzen, stiessen auf Granit. Die lokal t\u00e4tige Elektra Birseck M\u00fcnchenstein (EBM) investierte zur selben Zeit noch in Kohlekraftwerke in Norddeutschland. Inzwischen hat sich in Bezug auf die \u00d6kostromf\u00f6rderung bei der umfirmierten Primeo Energie AG (vormals EBM) allerdings vieles stark verbessert. Bereits unsere erste Anlage konnte vollst\u00e4ndig durch private Darlehen finanziert werden. Erste Bem\u00fchungen, Darlehen von Banken zu erhalten, stellten sich rasch als \u00fcberfl\u00fcssig heraus.<\/p>\n<\/div>\n\n\n\n<div class=\"wp-block-column is-layout-flow wp-block-column-is-layout-flow\" style=\"flex-basis:33.33%\">\n<figure class=\"wp-block-table\"><table><tbody><tr><td>Beginn Projektplanung:<\/td><td>Dezember 2007<\/td><\/tr><tr><td>Inbetriebnahme:<\/td><td>Januar 2010<\/td><\/tr><tr><td>Leistung:<\/td><td>20.78 kWp<\/td><\/tr><tr><td>Erwarteter Jahresertrag:<\/td><td>20&#8217;000 kWh<\/td><\/tr><tr><td>Stromabnehmer:<\/td><td>ewz.solarstromboerse<\/td><\/tr><\/tbody><\/table><figcaption>Eckdaten PVA Margelacker<\/figcaption><\/figure>\n\n\n\n<p><\/p>\n<\/div>\n<\/div>\n","protected":false},"excerpt":{"rendered":"<p>Die PV-Anlage auf dem Primarschulhaus Margelacker in Muttenz war das erste und f\u00fcr die Gr\u00fcndung des Verein Sonnenkraft ausschlaggebende Projekt. [&hellip;]<\/p>\n","protected":false},"author":1,"featured_media":0,"parent":22,"menu_order":10,"comment_status":"closed","ping_status":"closed","template":"","meta":{"footnotes":""},"class_list":["post-43","page","type-page","status-publish","hentry"],"yoast_head":"<!-- This site is optimized with the Yoast SEO plugin v27.4 - https:\/\/yoast.com\/product\/yoast-seo-wordpress\/ -->\n<title>Margelacker - Verein sonnenkraft<\/title>\n<meta name=\"robots\" content=\"index, follow, max-snippet:-1, max-image-preview:large, max-video-preview:-1\" \/>\n<link rel=\"canonical\" href=\"https:\/\/verein-sonnenkraft.ch\/index.php\/projekte\/margelacker\/\" \/>\n<meta property=\"og:locale\" content=\"de_DE\" \/>\n<meta property=\"og:type\" content=\"article\" \/>\n<meta property=\"og:title\" content=\"Margelacker - Verein sonnenkraft\" \/>\n<meta property=\"og:description\" content=\"Die PV-Anlage auf dem Primarschulhaus Margelacker in Muttenz war das erste und f\u00fcr die Gr\u00fcndung des Verein Sonnenkraft ausschlaggebende Projekt. [&hellip;]\" \/>\n<meta property=\"og:url\" content=\"https:\/\/verein-sonnenkraft.ch\/index.php\/projekte\/margelacker\/\" \/>\n<meta property=\"og:site_name\" content=\"Verein sonnenkraft\" \/>\n<meta property=\"article:modified_time\" content=\"2020-07-26T20:14:51+00:00\" \/>\n<meta name=\"twitter:card\" content=\"summary_large_image\" \/>\n<meta name=\"twitter:label1\" content=\"Gesch\u00e4tzte Lesezeit\" \/>\n\t<meta name=\"twitter:data1\" content=\"1\u00a0Minute\" \/>\n<script type=\"application\/ld+json\" class=\"yoast-schema-graph\">{\"@context\":\"https:\\\/\\\/schema.org\",\"@graph\":[{\"@type\":\"WebPage\",\"@id\":\"https:\\\/\\\/verein-sonnenkraft.ch\\\/index.php\\\/projekte\\\/margelacker\\\/\",\"url\":\"https:\\\/\\\/verein-sonnenkraft.ch\\\/index.php\\\/projekte\\\/margelacker\\\/\",\"name\":\"Margelacker - Verein sonnenkraft\",\"isPartOf\":{\"@id\":\"https:\\\/\\\/verein-sonnenkraft.ch\\\/#website\"},\"datePublished\":\"2020-07-26T18:03:17+00:00\",\"dateModified\":\"2020-07-26T20:14:51+00:00\",\"breadcrumb\":{\"@id\":\"https:\\\/\\\/verein-sonnenkraft.ch\\\/index.php\\\/projekte\\\/margelacker\\\/#breadcrumb\"},\"inLanguage\":\"de\",\"potentialAction\":[{\"@type\":\"ReadAction\",\"target\":[\"https:\\\/\\\/verein-sonnenkraft.ch\\\/index.php\\\/projekte\\\/margelacker\\\/\"]}]},{\"@type\":\"BreadcrumbList\",\"@id\":\"https:\\\/\\\/verein-sonnenkraft.ch\\\/index.php\\\/projekte\\\/margelacker\\\/#breadcrumb\",\"itemListElement\":[{\"@type\":\"ListItem\",\"position\":1,\"name\":\"Home\",\"item\":\"https:\\\/\\\/verein-sonnenkraft.ch\\\/\"},{\"@type\":\"ListItem\",\"position\":2,\"name\":\"Projekte\",\"item\":\"https:\\\/\\\/verein-sonnenkraft.ch\\\/index.php\\\/projekte\\\/\"},{\"@type\":\"ListItem\",\"position\":3,\"name\":\"Margelacker\"}]},{\"@type\":\"WebSite\",\"@id\":\"https:\\\/\\\/verein-sonnenkraft.ch\\\/#website\",\"url\":\"https:\\\/\\\/verein-sonnenkraft.ch\\\/\",\"name\":\"Verein sonnenkraft\",\"description\":\"\",\"publisher\":{\"@id\":\"https:\\\/\\\/verein-sonnenkraft.ch\\\/#organization\"},\"potentialAction\":[{\"@type\":\"SearchAction\",\"target\":{\"@type\":\"EntryPoint\",\"urlTemplate\":\"https:\\\/\\\/verein-sonnenkraft.ch\\\/?s={search_term_string}\"},\"query-input\":{\"@type\":\"PropertyValueSpecification\",\"valueRequired\":true,\"valueName\":\"search_term_string\"}}],\"inLanguage\":\"de\"},{\"@type\":\"Organization\",\"@id\":\"https:\\\/\\\/verein-sonnenkraft.ch\\\/#organization\",\"name\":\"Verein Sonnenkraft\",\"url\":\"https:\\\/\\\/verein-sonnenkraft.ch\\\/\",\"logo\":{\"@type\":\"ImageObject\",\"inLanguage\":\"de\",\"@id\":\"https:\\\/\\\/verein-sonnenkraft.ch\\\/#\\\/schema\\\/logo\\\/image\\\/\",\"url\":\"https:\\\/\\\/verein-sonnenkraft.ch\\\/wp-content\\\/uploads\\\/2020\\\/05\\\/cropped-Logo-definitiv_transparent-Andere.png\",\"contentUrl\":\"https:\\\/\\\/verein-sonnenkraft.ch\\\/wp-content\\\/uploads\\\/2020\\\/05\\\/cropped-Logo-definitiv_transparent-Andere.png\",\"width\":150,\"height\":71,\"caption\":\"Verein Sonnenkraft\"},\"image\":{\"@id\":\"https:\\\/\\\/verein-sonnenkraft.ch\\\/#\\\/schema\\\/logo\\\/image\\\/\"}}]}<\/script>\n<!-- \/ Yoast SEO plugin. -->","yoast_head_json":{"title":"Margelacker - Verein sonnenkraft","robots":{"index":"index","follow":"follow","max-snippet":"max-snippet:-1","max-image-preview":"max-image-preview:large","max-video-preview":"max-video-preview:-1"},"canonical":"https:\/\/verein-sonnenkraft.ch\/index.php\/projekte\/margelacker\/","og_locale":"de_DE","og_type":"article","og_title":"Margelacker - Verein sonnenkraft","og_description":"Die PV-Anlage auf dem Primarschulhaus Margelacker in Muttenz war das erste und f\u00fcr die Gr\u00fcndung des Verein Sonnenkraft ausschlaggebende Projekt. [&hellip;]","og_url":"https:\/\/verein-sonnenkraft.ch\/index.php\/projekte\/margelacker\/","og_site_name":"Verein sonnenkraft","article_modified_time":"2020-07-26T20:14:51+00:00","twitter_card":"summary_large_image","twitter_misc":{"Gesch\u00e4tzte Lesezeit":"1\u00a0Minute"},"schema":{"@context":"https:\/\/schema.org","@graph":[{"@type":"WebPage","@id":"https:\/\/verein-sonnenkraft.ch\/index.php\/projekte\/margelacker\/","url":"https:\/\/verein-sonnenkraft.ch\/index.php\/projekte\/margelacker\/","name":"Margelacker - Verein sonnenkraft","isPartOf":{"@id":"https:\/\/verein-sonnenkraft.ch\/#website"},"datePublished":"2020-07-26T18:03:17+00:00","dateModified":"2020-07-26T20:14:51+00:00","breadcrumb":{"@id":"https:\/\/verein-sonnenkraft.ch\/index.php\/projekte\/margelacker\/#breadcrumb"},"inLanguage":"de","potentialAction":[{"@type":"ReadAction","target":["https:\/\/verein-sonnenkraft.ch\/index.php\/projekte\/margelacker\/"]}]},{"@type":"BreadcrumbList","@id":"https:\/\/verein-sonnenkraft.ch\/index.php\/projekte\/margelacker\/#breadcrumb","itemListElement":[{"@type":"ListItem","position":1,"name":"Home","item":"https:\/\/verein-sonnenkraft.ch\/"},{"@type":"ListItem","position":2,"name":"Projekte","item":"https:\/\/verein-sonnenkraft.ch\/index.php\/projekte\/"},{"@type":"ListItem","position":3,"name":"Margelacker"}]},{"@type":"WebSite","@id":"https:\/\/verein-sonnenkraft.ch\/#website","url":"https:\/\/verein-sonnenkraft.ch\/","name":"Verein sonnenkraft","description":"","publisher":{"@id":"https:\/\/verein-sonnenkraft.ch\/#organization"},"potentialAction":[{"@type":"SearchAction","target":{"@type":"EntryPoint","urlTemplate":"https:\/\/verein-sonnenkraft.ch\/?s={search_term_string}"},"query-input":{"@type":"PropertyValueSpecification","valueRequired":true,"valueName":"search_term_string"}}],"inLanguage":"de"},{"@type":"Organization","@id":"https:\/\/verein-sonnenkraft.ch\/#organization","name":"Verein Sonnenkraft","url":"https:\/\/verein-sonnenkraft.ch\/","logo":{"@type":"ImageObject","inLanguage":"de","@id":"https:\/\/verein-sonnenkraft.ch\/#\/schema\/logo\/image\/","url":"https:\/\/verein-sonnenkraft.ch\/wp-content\/uploads\/2020\/05\/cropped-Logo-definitiv_transparent-Andere.png","contentUrl":"https:\/\/verein-sonnenkraft.ch\/wp-content\/uploads\/2020\/05\/cropped-Logo-definitiv_transparent-Andere.png","width":150,"height":71,"caption":"Verein Sonnenkraft"},"image":{"@id":"https:\/\/verein-sonnenkraft.ch\/#\/schema\/logo\/image\/"}}]}},"_links":{"self":[{"href":"https:\/\/verein-sonnenkraft.ch\/index.php\/wp-json\/wp\/v2\/pages\/43","targetHints":{"allow":["GET"]}}],"collection":[{"href":"https:\/\/verein-sonnenkraft.ch\/index.php\/wp-json\/wp\/v2\/pages"}],"about":[{"href":"https:\/\/verein-sonnenkraft.ch\/index.php\/wp-json\/wp\/v2\/types\/page"}],"author":[{"embeddable":true,"href":"https:\/\/verein-sonnenkraft.ch\/index.php\/wp-json\/wp\/v2\/users\/1"}],"replies":[{"embeddable":true,"href":"https:\/\/verein-sonnenkraft.ch\/index.php\/wp-json\/wp\/v2\/comments?post=43"}],"version-history":[{"count":10,"href":"https:\/\/verein-sonnenkraft.ch\/index.php\/wp-json\/wp\/v2\/pages\/43\/revisions"}],"predecessor-version":[{"id":108,"href":"https:\/\/verein-sonnenkraft.ch\/index.php\/wp-json\/wp\/v2\/pages\/43\/revisions\/108"}],"up":[{"embeddable":true,"href":"https:\/\/verein-sonnenkraft.ch\/index.php\/wp-json\/wp\/v2\/pages\/22"}],"wp:attachment":[{"href":"https:\/\/verein-sonnenkraft.ch\/index.php\/wp-json\/wp\/v2\/media?parent=43"}],"curies":[{"name":"wp","href":"https:\/\/api.w.org\/{rel}","templated":true}]}}