{"id":52,"date":"2020-07-26T18:19:30","date_gmt":"2020-07-26T18:19:30","guid":{"rendered":"https:\/\/verein-sonnenkraft.ch\/?page_id=52"},"modified":"2020-07-26T20:02:26","modified_gmt":"2020-07-26T20:02:26","slug":"obesunne","status":"publish","type":"page","link":"https:\/\/verein-sonnenkraft.ch\/index.php\/projekte\/obesunne\/","title":{"rendered":"Obesunne"},"content":{"rendered":"\n<div class=\"wp-block-columns is-layout-flex wp-container-core-columns-is-layout-9d6595d7 wp-block-columns-is-layout-flex\">\n<div class=\"wp-block-column is-layout-flow wp-block-column-is-layout-flow\" style=\"flex-basis:66.66%\">\n<p>Unsere dritte Anlage steht auf dem Neubau der Stiftung Obesunne in Arlesheim, welcher die Demenzabteilung und 20 Wohnungen beinhaltet.<br>Es wurden hochwertige, monokristalline Laminatmodule des schweizer Herstellers Megasol verwendet. Die Ost-West-Aufgest\u00e4nderten Photovoltaikmodule sollen in den n\u00e4chsten Jahrzehnten mit einer installierten Leistung von 29.64 kWp einen ordentlichen Teil des Stromverbrauches des Geb\u00e4udes decken.<\/p>\n<\/div>\n\n\n\n<div class=\"wp-block-column is-layout-flow wp-block-column-is-layout-flow\" style=\"flex-basis:33.33%\">\n<figure class=\"wp-block-table\"><table><tbody><tr><td>Beginn Projektplanung:<\/td><td>Mai 2016<\/td><\/tr><tr><td>Inbetriebnahme:<\/td><td>Januar 2017<\/td><\/tr><tr><td>Leistung:<\/td><td>29.9 kWp<\/td><\/tr><tr><td>Erwarteter Jahresertrag:<\/td><td>28&#8217;500 kWh<\/td><\/tr><tr><td>Stromabnehmer:<\/td><td>Einwohnergemeinde Arlesheim<\/td><\/tr><\/tbody><\/table><figcaption>Eckdaten PVA Gerenmatte<\/figcaption><\/figure>\n\n\n\n<p><\/p>\n<\/div>\n<\/div>\n","protected":false},"excerpt":{"rendered":"<p>Unsere dritte Anlage steht auf dem Neubau der Stiftung Obesunne in Arlesheim, welcher die Demenzabteilung und 20 Wohnungen beinhaltet.Es wurden [&hellip;]<\/p>\n","protected":false},"author":1,"featured_media":0,"parent":22,"menu_order":8,"comment_status":"closed","ping_status":"closed","template":"","meta":{"footnotes":""},"class_list":["post-52","page","type-page","status-publish","hentry"],"yoast_head":"<!-- This site is optimized with the Yoast SEO plugin v27.4 - https:\/\/yoast.com\/product\/yoast-seo-wordpress\/ -->\n<title>Obesunne - Verein sonnenkraft<\/title>\n<meta name=\"robots\" content=\"index, follow, max-snippet:-1, max-image-preview:large, max-video-preview:-1\" \/>\n<link rel=\"canonical\" href=\"https:\/\/verein-sonnenkraft.ch\/index.php\/projekte\/obesunne\/\" \/>\n<meta property=\"og:locale\" content=\"de_DE\" \/>\n<meta property=\"og:type\" content=\"article\" \/>\n<meta property=\"og:title\" content=\"Obesunne - Verein sonnenkraft\" \/>\n<meta property=\"og:description\" content=\"Unsere dritte Anlage steht auf dem Neubau der Stiftung Obesunne in Arlesheim, welcher die Demenzabteilung und 20 Wohnungen beinhaltet.Es wurden [&hellip;]\" \/>\n<meta property=\"og:url\" content=\"https:\/\/verein-sonnenkraft.ch\/index.php\/projekte\/obesunne\/\" \/>\n<meta property=\"og:site_name\" content=\"Verein sonnenkraft\" \/>\n<meta property=\"article:modified_time\" content=\"2020-07-26T20:02:26+00:00\" \/>\n<meta name=\"twitter:card\" content=\"summary_large_image\" \/>\n<script type=\"application\/ld+json\" class=\"yoast-schema-graph\">{\"@context\":\"https:\\\/\\\/schema.org\",\"@graph\":[{\"@type\":\"WebPage\",\"@id\":\"https:\\\/\\\/verein-sonnenkraft.ch\\\/index.php\\\/projekte\\\/obesunne\\\/\",\"url\":\"https:\\\/\\\/verein-sonnenkraft.ch\\\/index.php\\\/projekte\\\/obesunne\\\/\",\"name\":\"Obesunne - Verein sonnenkraft\",\"isPartOf\":{\"@id\":\"https:\\\/\\\/verein-sonnenkraft.ch\\\/#website\"},\"datePublished\":\"2020-07-26T18:19:30+00:00\",\"dateModified\":\"2020-07-26T20:02:26+00:00\",\"breadcrumb\":{\"@id\":\"https:\\\/\\\/verein-sonnenkraft.ch\\\/index.php\\\/projekte\\\/obesunne\\\/#breadcrumb\"},\"inLanguage\":\"de\",\"potentialAction\":[{\"@type\":\"ReadAction\",\"target\":[\"https:\\\/\\\/verein-sonnenkraft.ch\\\/index.php\\\/projekte\\\/obesunne\\\/\"]}]},{\"@type\":\"BreadcrumbList\",\"@id\":\"https:\\\/\\\/verein-sonnenkraft.ch\\\/index.php\\\/projekte\\\/obesunne\\\/#breadcrumb\",\"itemListElement\":[{\"@type\":\"ListItem\",\"position\":1,\"name\":\"Home\",\"item\":\"https:\\\/\\\/verein-sonnenkraft.ch\\\/\"},{\"@type\":\"ListItem\",\"position\":2,\"name\":\"Projekte\",\"item\":\"https:\\\/\\\/verein-sonnenkraft.ch\\\/index.php\\\/projekte\\\/\"},{\"@type\":\"ListItem\",\"position\":3,\"name\":\"Obesunne\"}]},{\"@type\":\"WebSite\",\"@id\":\"https:\\\/\\\/verein-sonnenkraft.ch\\\/#website\",\"url\":\"https:\\\/\\\/verein-sonnenkraft.ch\\\/\",\"name\":\"Verein sonnenkraft\",\"description\":\"\",\"publisher\":{\"@id\":\"https:\\\/\\\/verein-sonnenkraft.ch\\\/#organization\"},\"potentialAction\":[{\"@type\":\"SearchAction\",\"target\":{\"@type\":\"EntryPoint\",\"urlTemplate\":\"https:\\\/\\\/verein-sonnenkraft.ch\\\/?s={search_term_string}\"},\"query-input\":{\"@type\":\"PropertyValueSpecification\",\"valueRequired\":true,\"valueName\":\"search_term_string\"}}],\"inLanguage\":\"de\"},{\"@type\":\"Organization\",\"@id\":\"https:\\\/\\\/verein-sonnenkraft.ch\\\/#organization\",\"name\":\"Verein Sonnenkraft\",\"url\":\"https:\\\/\\\/verein-sonnenkraft.ch\\\/\",\"logo\":{\"@type\":\"ImageObject\",\"inLanguage\":\"de\",\"@id\":\"https:\\\/\\\/verein-sonnenkraft.ch\\\/#\\\/schema\\\/logo\\\/image\\\/\",\"url\":\"https:\\\/\\\/verein-sonnenkraft.ch\\\/wp-content\\\/uploads\\\/2020\\\/05\\\/cropped-Logo-definitiv_transparent-Andere.png\",\"contentUrl\":\"https:\\\/\\\/verein-sonnenkraft.ch\\\/wp-content\\\/uploads\\\/2020\\\/05\\\/cropped-Logo-definitiv_transparent-Andere.png\",\"width\":150,\"height\":71,\"caption\":\"Verein Sonnenkraft\"},\"image\":{\"@id\":\"https:\\\/\\\/verein-sonnenkraft.ch\\\/#\\\/schema\\\/logo\\\/image\\\/\"}}]}<\/script>\n<!-- \/ Yoast SEO plugin. -->","yoast_head_json":{"title":"Obesunne - Verein sonnenkraft","robots":{"index":"index","follow":"follow","max-snippet":"max-snippet:-1","max-image-preview":"max-image-preview:large","max-video-preview":"max-video-preview:-1"},"canonical":"https:\/\/verein-sonnenkraft.ch\/index.php\/projekte\/obesunne\/","og_locale":"de_DE","og_type":"article","og_title":"Obesunne - Verein sonnenkraft","og_description":"Unsere dritte Anlage steht auf dem Neubau der Stiftung Obesunne in Arlesheim, welcher die Demenzabteilung und 20 Wohnungen beinhaltet.Es wurden [&hellip;]","og_url":"https:\/\/verein-sonnenkraft.ch\/index.php\/projekte\/obesunne\/","og_site_name":"Verein sonnenkraft","article_modified_time":"2020-07-26T20:02:26+00:00","twitter_card":"summary_large_image","schema":{"@context":"https:\/\/schema.org","@graph":[{"@type":"WebPage","@id":"https:\/\/verein-sonnenkraft.ch\/index.php\/projekte\/obesunne\/","url":"https:\/\/verein-sonnenkraft.ch\/index.php\/projekte\/obesunne\/","name":"Obesunne - Verein sonnenkraft","isPartOf":{"@id":"https:\/\/verein-sonnenkraft.ch\/#website"},"datePublished":"2020-07-26T18:19:30+00:00","dateModified":"2020-07-26T20:02:26+00:00","breadcrumb":{"@id":"https:\/\/verein-sonnenkraft.ch\/index.php\/projekte\/obesunne\/#breadcrumb"},"inLanguage":"de","potentialAction":[{"@type":"ReadAction","target":["https:\/\/verein-sonnenkraft.ch\/index.php\/projekte\/obesunne\/"]}]},{"@type":"BreadcrumbList","@id":"https:\/\/verein-sonnenkraft.ch\/index.php\/projekte\/obesunne\/#breadcrumb","itemListElement":[{"@type":"ListItem","position":1,"name":"Home","item":"https:\/\/verein-sonnenkraft.ch\/"},{"@type":"ListItem","position":2,"name":"Projekte","item":"https:\/\/verein-sonnenkraft.ch\/index.php\/projekte\/"},{"@type":"ListItem","position":3,"name":"Obesunne"}]},{"@type":"WebSite","@id":"https:\/\/verein-sonnenkraft.ch\/#website","url":"https:\/\/verein-sonnenkraft.ch\/","name":"Verein sonnenkraft","description":"","publisher":{"@id":"https:\/\/verein-sonnenkraft.ch\/#organization"},"potentialAction":[{"@type":"SearchAction","target":{"@type":"EntryPoint","urlTemplate":"https:\/\/verein-sonnenkraft.ch\/?s={search_term_string}"},"query-input":{"@type":"PropertyValueSpecification","valueRequired":true,"valueName":"search_term_string"}}],"inLanguage":"de"},{"@type":"Organization","@id":"https:\/\/verein-sonnenkraft.ch\/#organization","name":"Verein Sonnenkraft","url":"https:\/\/verein-sonnenkraft.ch\/","logo":{"@type":"ImageObject","inLanguage":"de","@id":"https:\/\/verein-sonnenkraft.ch\/#\/schema\/logo\/image\/","url":"https:\/\/verein-sonnenkraft.ch\/wp-content\/uploads\/2020\/05\/cropped-Logo-definitiv_transparent-Andere.png","contentUrl":"https:\/\/verein-sonnenkraft.ch\/wp-content\/uploads\/2020\/05\/cropped-Logo-definitiv_transparent-Andere.png","width":150,"height":71,"caption":"Verein Sonnenkraft"},"image":{"@id":"https:\/\/verein-sonnenkraft.ch\/#\/schema\/logo\/image\/"}}]}},"_links":{"self":[{"href":"https:\/\/verein-sonnenkraft.ch\/index.php\/wp-json\/wp\/v2\/pages\/52","targetHints":{"allow":["GET"]}}],"collection":[{"href":"https:\/\/verein-sonnenkraft.ch\/index.php\/wp-json\/wp\/v2\/pages"}],"about":[{"href":"https:\/\/verein-sonnenkraft.ch\/index.php\/wp-json\/wp\/v2\/types\/page"}],"author":[{"embeddable":true,"href":"https:\/\/verein-sonnenkraft.ch\/index.php\/wp-json\/wp\/v2\/users\/1"}],"replies":[{"embeddable":true,"href":"https:\/\/verein-sonnenkraft.ch\/index.php\/wp-json\/wp\/v2\/comments?post=52"}],"version-history":[{"count":4,"href":"https:\/\/verein-sonnenkraft.ch\/index.php\/wp-json\/wp\/v2\/pages\/52\/revisions"}],"predecessor-version":[{"id":84,"href":"https:\/\/verein-sonnenkraft.ch\/index.php\/wp-json\/wp\/v2\/pages\/52\/revisions\/84"}],"up":[{"embeddable":true,"href":"https:\/\/verein-sonnenkraft.ch\/index.php\/wp-json\/wp\/v2\/pages\/22"}],"wp:attachment":[{"href":"https:\/\/verein-sonnenkraft.ch\/index.php\/wp-json\/wp\/v2\/media?parent=52"}],"curies":[{"name":"wp","href":"https:\/\/api.w.org\/{rel}","templated":true}]}}